{"id":720,"date":"2022-08-09T14:58:00","date_gmt":"2022-08-09T12:58:00","guid":{"rendered":"https:\/\/lawillustrated.no\/?page_id=720"},"modified":"2023-08-04T15:01:45","modified_gmt":"2023-08-04T13:01:45","slug":"refund_returns","status":"publish","type":"page","link":"https:\/\/bullsuperski.no\/en\/refund_returns\/","title":{"rendered":"Returns, exchanges and complaints"},"content":{"rendered":"<h1 class=\"wp-block-heading\">Returns, exchanges and complaints<\/h1>\n\n\n\n<p>According to the Right of Cancellation Act, the consumer can withdraw from the agreement without giving any reason within 14 days*.\u00a0<strong>Send an email to\u00a0<\/strong><a href=\"mailto:butikk@superski.no\"><strong>butikk@superski.no<\/strong><\/a><strong>\u00a0to report your return\u00a0<\/strong>(also applies to orders with &quot;Pick up in store&quot;).<\/p>\n\n\n\n<p>If you need a return label, send us an email at <a href=\"mailto:butikk@bullsuperski.no\" title=\"\"><strong>butikk@bullsuperski.no<\/strong><\/a> - then we send this. <strong>You will be charged NOK 149 in return postage*<\/strong>\u00a0if you want a return label, or you can deliver the return &quot;free of charge&quot; in our store in Holmenkollen.\u00a0<strong>ATTENTION!<\/strong>\u00a0Remember to remove the label that the package came with or stick a return label on top of it.<\/p>\n\n\n\n<p><em><sub>*&nbsp;<strong>If we have delivered the wrong item, colour\/size or otherwise, we of course offer a free return and you will not be charged for return postage. If you choose not to pick up the item, a return fee will also apply.<\/strong><\/sub><\/em><\/p>\n\n\n\n<p>If the item has a discrepancy on receipt, contact us before sending it back and send us an email with photos.<\/p>\n\n\n\n<p><strong>ATTENTION!&nbsp;<\/strong>do you wish to&nbsp;<strong>change size<\/strong>, you must place a new order for the item you want to change to and return the original order. This is to avoid us being sold out in the meantime and misunderstandings when returning. Remember that the return rules are the same for exchanges, and that the item must be unused.<\/p>\n\n\n\n<p>Alternatively, you can change to a different size in our physical store in Holmenkollen. This can then be done at checkout without having to fill in a return form.<\/p>\n\n\n\n<p>The item you are returning must be&nbsp;<strong><u>unused and in original packaging<\/u><\/strong>&nbsp;without damage. If the item is defective on receipt, contact us before sending it back. In the event of damage or other discrepancies, it may be deducted from the amount that is refunded.&nbsp;<strong><br><br><u>Return of goods that have not been collected<\/u><\/strong><\/p>\n\n\n\n<p>If you wish to use the right of cancellation without collecting the item, a return fee will also be charged in connection with the package being returned to us. It takes longer for us to process the return if you choose not to collect the package at the collection point, as the shipment does not come directly to us. If you do not pick up an order where you have selected &quot;Pick up in store&quot;, you must also report a return by\u00a0<strong>send an email to\u00a0<\/strong><a href=\"mailto:butikk@bullsuperski.no\"><strong>butikk@bullsuperski.no<\/strong><\/a><\/p>\n\n\n\n<p><strong>Complaint<\/strong><\/p>\n\n\n\n<p>If an item is faulty or missing, it must be sent back to Bull Superski AS. We must have the item with us to assess whether there is a complaint. Reply to order confirmation or send an email to <a href=\"mailto:butikk@bullsuperski.no\">butikk@bullsuperski.no<\/a>\u00a0with photos of errors or defects, remember to state the order number.<\/p>","protected":false},"excerpt":{"rendered":"<p>Retur, bytte og reklamasjon Etter angrerettloven kan forbrukeren g\u00e5 fra avtalen uten \u00e5 oppgi noen grunn innen 14 dager*.\u00a0Send en epost til\u00a0butikk@superski.no\u00a0for \u00e5 melde din retur\u00a0(gjelder ogs\u00e5 ordre med &laquo;Hent i butikk&raquo;). Hvis du trenger returetikett, send oss en mail p\u00e5 butikk@bullsuperski.no &#8211; s\u00e5 sender vi dette. Du belastes 149,- i returporto*\u00a0hvis du \u00f8nsker returetikett, [&hellip;]<\/p>","protected":false},"author":1,"featured_media":0,"parent":0,"menu_order":0,"comment_status":"closed","ping_status":"closed","template":"","meta":{"ocean_post_layout":"","ocean_both_sidebars_style":"","ocean_both_sidebars_content_width":0,"ocean_both_sidebars_sidebars_width":0,"ocean_sidebar":"0","ocean_second_sidebar":"0","ocean_disable_margins":"enable","ocean_add_body_class":"","ocean_shortcode_before_top_bar":"","ocean_shortcode_after_top_bar":"","ocean_shortcode_before_header":"","ocean_shortcode_after_header":"","ocean_has_shortcode":"","ocean_shortcode_after_title":"","ocean_shortcode_before_footer_widgets":"","ocean_shortcode_after_footer_widgets":"","ocean_shortcode_before_footer_bottom":"","ocean_shortcode_after_footer_bottom":"","ocean_display_top_bar":"default","ocean_display_header":"default","ocean_header_style":"","ocean_center_header_left_menu":"0","ocean_custom_header_template":"0","ocean_custom_logo":0,"ocean_custom_retina_logo":0,"ocean_custom_logo_max_width":0,"ocean_custom_logo_tablet_max_width":0,"ocean_custom_logo_mobile_max_width":0,"ocean_custom_logo_max_height":0,"ocean_custom_logo_tablet_max_height":0,"ocean_custom_logo_mobile_max_height":0,"ocean_header_custom_menu":"0","ocean_menu_typo_font_family":"0","ocean_menu_typo_font_subset":"","ocean_menu_typo_font_size":0,"ocean_menu_typo_font_size_tablet":0,"ocean_menu_typo_font_size_mobile":0,"ocean_menu_typo_font_size_unit":"px","ocean_menu_typo_font_weight":"","ocean_menu_typo_font_weight_tablet":"","ocean_menu_typo_font_weight_mobile":"","ocean_menu_typo_transform":"","ocean_menu_typo_transform_tablet":"","ocean_menu_typo_transform_mobile":"","ocean_menu_typo_line_height":0,"ocean_menu_typo_line_height_tablet":0,"ocean_menu_typo_line_height_mobile":0,"ocean_menu_typo_line_height_unit":"","ocean_menu_typo_spacing":0,"ocean_menu_typo_spacing_tablet":0,"ocean_menu_typo_spacing_mobile":0,"ocean_menu_typo_spacing_unit":"","ocean_menu_link_color":"","ocean_menu_link_color_hover":"","ocean_menu_link_color_active":"","ocean_menu_link_background":"","ocean_menu_link_hover_background":"","ocean_menu_link_active_background":"","ocean_menu_social_links_bg":"","ocean_menu_social_hover_links_bg":"","ocean_menu_social_links_color":"","ocean_menu_social_hover_links_color":"","ocean_disable_title":"default","ocean_disable_heading":"default","ocean_post_title":"","ocean_post_subheading":"","ocean_post_title_style":"","ocean_post_title_background_color":"","ocean_post_title_background":0,"ocean_post_title_bg_image_position":"","ocean_post_title_bg_image_attachment":"","ocean_post_title_bg_image_repeat":"","ocean_post_title_bg_image_size":"","ocean_post_title_height":0,"ocean_post_title_bg_overlay":0.5,"ocean_post_title_bg_overlay_color":"","ocean_disable_breadcrumbs":"default","ocean_breadcrumbs_color":"","ocean_breadcrumbs_separator_color":"","ocean_breadcrumbs_links_color":"","ocean_breadcrumbs_links_hover_color":"","ocean_display_footer_widgets":"default","ocean_display_footer_bottom":"default","ocean_custom_footer_template":"0","footnotes":""},"class_list":["post-720","page","type-page","status-publish","hentry","entry","owp-thumbs-layout-horizontal","owp-btn-big","owp-tabs-layout-section","has-no-thumbnails"],"aioseo_notices":[],"_links":{"self":[{"href":"https:\/\/bullsuperski.no\/en\/wp-json\/wp\/v2\/pages\/720","targetHints":{"allow":["GET"]}}],"collection":[{"href":"https:\/\/bullsuperski.no\/en\/wp-json\/wp\/v2\/pages"}],"about":[{"href":"https:\/\/bullsuperski.no\/en\/wp-json\/wp\/v2\/types\/page"}],"author":[{"embeddable":true,"href":"https:\/\/bullsuperski.no\/en\/wp-json\/wp\/v2\/users\/1"}],"replies":[{"embeddable":true,"href":"https:\/\/bullsuperski.no\/en\/wp-json\/wp\/v2\/comments?post=720"}],"version-history":[{"count":0,"href":"https:\/\/bullsuperski.no\/en\/wp-json\/wp\/v2\/pages\/720\/revisions"}],"wp:attachment":[{"href":"https:\/\/bullsuperski.no\/en\/wp-json\/wp\/v2\/media?parent=720"}],"curies":[{"name":"wp","href":"https:\/\/api.w.org\/{rel}","templated":true}]}}