{"id":4693,"date":"2022-05-28T11:17:06","date_gmt":"2022-05-28T09:17:06","guid":{"rendered":"https:\/\/lawillustrated.no\/?page_id=4693"},"modified":"2025-09-24T13:28:10","modified_gmt":"2025-09-24T11:28:10","slug":"staver","status":"publish","type":"page","link":"https:\/\/bullsuperski.no\/en\/butikk\/staver\/","title":{"rendered":"Staves"},"content":{"rendered":"<div data-elementor-type=\"wp-page\" data-elementor-id=\"4693\" class=\"elementor elementor-4693\" data-elementor-post-type=\"page\">\n\t\t\t\t\t\t<section class=\"elementor-section elementor-top-section elementor-element elementor-element-8c5d67d elementor-section-boxed elementor-section-height-default elementor-section-height-default\" data-id=\"8c5d67d\" data-element_type=\"section\" data-settings=\"{&quot;background_background&quot;:&quot;classic&quot;,&quot;jet_parallax_layout_list&quot;:[]}\">\n\t\t\t\t\t\t<div class=\"elementor-container elementor-column-gap-default\">\n\t\t\t\t\t<div class=\"elementor-column elementor-col-100 elementor-top-column elementor-element elementor-element-2aa35e9\" data-id=\"2aa35e9\" data-element_type=\"column\">\n\t\t\t<div class=\"elementor-widget-wrap elementor-element-populated\">\n\t\t\t\t\t\t<div class=\"elementor-element elementor-element-a8ef5fe elementor-widget elementor-widget-heading\" data-id=\"a8ef5fe\" data-element_type=\"widget\" data-widget_type=\"heading.default\">\n\t\t\t\t<div class=\"elementor-widget-container\">\n\t\t\t\t\t<h1 class=\"elementor-heading-title elementor-size-default\">Staves<\/h1>\t\t\t\t<\/div>\n\t\t\t\t<\/div>\n\t\t\t\t\t<\/div>\n\t\t<\/div>\n\t\t\t\t\t<\/div>\n\t\t<\/section>\n\t\t<div class=\"elementor-element elementor-element-7fd2c2d e-flex e-con-boxed e-con e-parent\" data-id=\"7fd2c2d\" data-element_type=\"container\" data-settings=\"{&quot;jet_parallax_layout_list&quot;:[]}\">\n\t\t\t\t\t<div class=\"e-con-inner\">\n\t\t\t\t\t<\/div>\n\t\t\t\t<\/div>\n\t\t<div class=\"elementor-element elementor-element-fa06dfd e-flex e-con-boxed e-con e-parent\" data-id=\"fa06dfd\" data-element_type=\"container\" data-settings=\"{&quot;jet_parallax_layout_list&quot;:[]}\">\n\t\t\t\t\t<div class=\"e-con-inner\">\n\t\t<div class=\"elementor-element elementor-element-d1b4a36 e-con-full e-flex e-con e-child\" data-id=\"d1b4a36\" data-element_type=\"container\" data-settings=\"{&quot;jet_parallax_layout_list&quot;:[]}\">\n\t\t\t\t<div class=\"elementor-element elementor-element-90b7c2a elementor-widget elementor-widget-heading\" data-id=\"90b7c2a\" data-element_type=\"widget\" data-widget_type=\"heading.default\">\n\t\t\t\t<div class=\"elementor-widget-container\">\n\t\t\t\t\t<h2 class=\"elementor-heading-title elementor-size-default\">SWIX QUANTUM 4<\/h2>\t\t\t\t<\/div>\n\t\t\t\t<\/div>\n\t\t\t\t<div class=\"elementor-element elementor-element-0ba3b1f elementor-widget elementor-widget-image\" data-id=\"0ba3b1f\" data-element_type=\"widget\" data-widget_type=\"image.default\">\n\t\t\t\t<div class=\"elementor-widget-container\">\n\t\t\t\t\t\t\t\t\t\t\t\t\t\t\t<img fetchpriority=\"high\" decoding=\"async\" width=\"1536\" height=\"186\" src=\"https:\/\/bullsuperski.no\/wp-content\/uploads\/2022\/06\/Quantum-4--rotated-1536x186.jpg\" class=\"attachment-1536x1536 size-1536x1536 wp-image-8681\" alt=\"\" srcset=\"https:\/\/bullsuperski.no\/wp-content\/uploads\/2022\/06\/Quantum-4--rotated-1536x186.jpg 1536w, https:\/\/bullsuperski.no\/wp-content\/uploads\/2022\/06\/Quantum-4--rotated-300x36.jpg 300w, https:\/\/bullsuperski.no\/wp-content\/uploads\/2022\/06\/Quantum-4--rotated-1024x124.jpg 1024w, https:\/\/bullsuperski.no\/wp-content\/uploads\/2022\/06\/Quantum-4--rotated-768x93.jpg 768w, https:\/\/bullsuperski.no\/wp-content\/uploads\/2022\/06\/Quantum-4--rotated-18x2.jpg 18w, https:\/\/bullsuperski.no\/wp-content\/uploads\/2022\/06\/Quantum-4--rotated-600x73.jpg 600w, https:\/\/bullsuperski.no\/wp-content\/uploads\/2022\/06\/Quantum-4--rotated.jpg 2000w\" sizes=\"(max-width: 1536px) 100vw, 1536px\" \/>\t\t\t\t\t\t\t\t\t\t\t\t\t\t\t<\/div>\n\t\t\t\t<\/div>\n\t\t\t\t<div class=\"elementor-element elementor-element-5238422 elementor-widget elementor-widget-text-editor\" data-id=\"5238422\" data-element_type=\"widget\" data-widget_type=\"text-editor.default\">\n\t\t\t\t<div class=\"elementor-widget-container\">\n\t\t\t\t\t\t\t\t\t<p>Quantum Four is a brand new extra strong composite rod. An excellent pole for a wide variety of skiers from the keen touring skier to Birkebeiner skiers. Supplied with PCU handle with cork-filled PU in the grip zone and the new Profit 3D strap. The TBS system makes it possible to change the pulley in the field within a few seconds. The rod is equipped with a large 97 TBS reel.<\/p><p>Lengths: 135cm-180cm. 2.5cm interval.<\/p>\t\t\t\t\t\t\t\t<\/div>\n\t\t\t\t<\/div>\n\t\t\t\t<\/div>\n\t\t<div class=\"elementor-element elementor-element-f0c15a9 e-con-full e-flex e-con e-child\" data-id=\"f0c15a9\" data-element_type=\"container\" data-settings=\"{&quot;jet_parallax_layout_list&quot;:[]}\">\n\t\t\t\t<div class=\"elementor-element elementor-element-a93bb08 elementor-widget elementor-widget-heading\" data-id=\"a93bb08\" data-element_type=\"widget\" data-widget_type=\"heading.default\">\n\t\t\t\t<div class=\"elementor-widget-container\">\n\t\t\t\t\t<h2 class=\"elementor-heading-title elementor-size-default\">SWIX QUANTUM 1<\/h2>\t\t\t\t<\/div>\n\t\t\t\t<\/div>\n\t\t\t\t<div class=\"elementor-element elementor-element-f9fc1a1 elementor-widget elementor-widget-image\" data-id=\"f9fc1a1\" data-element_type=\"widget\" data-widget_type=\"image.default\">\n\t\t\t\t<div class=\"elementor-widget-container\">\n\t\t\t\t\t\t\t\t\t\t\t\t\t\t\t<img decoding=\"async\" width=\"1536\" height=\"49\" src=\"https:\/\/bullsuperski.no\/wp-content\/uploads\/2022\/06\/Quantum-1-rotated-1536x49.jpg\" class=\"attachment-1536x1536 size-1536x1536 wp-image-8680\" alt=\"\" srcset=\"https:\/\/bullsuperski.no\/wp-content\/uploads\/2022\/06\/Quantum-1-rotated-1536x49.jpg 1536w, https:\/\/bullsuperski.no\/wp-content\/uploads\/2022\/06\/Quantum-1-rotated-300x10.jpg 300w, https:\/\/bullsuperski.no\/wp-content\/uploads\/2022\/06\/Quantum-1-rotated-1024x33.jpg 1024w, https:\/\/bullsuperski.no\/wp-content\/uploads\/2022\/06\/Quantum-1-rotated-768x25.jpg 768w, https:\/\/bullsuperski.no\/wp-content\/uploads\/2022\/06\/Quantum-1-rotated-18x1.jpg 18w, https:\/\/bullsuperski.no\/wp-content\/uploads\/2022\/06\/Quantum-1-rotated-600x19.jpg 600w, https:\/\/bullsuperski.no\/wp-content\/uploads\/2022\/06\/Quantum-1-rotated.jpg 2000w\" sizes=\"(max-width: 1536px) 100vw, 1536px\" \/>\t\t\t\t\t\t\t\t\t\t\t\t\t\t\t<\/div>\n\t\t\t\t<\/div>\n\t\t\t\t<div class=\"elementor-element elementor-element-9a45602 elementor-widget elementor-widget-text-editor\" data-id=\"9a45602\" data-element_type=\"widget\" data-widget_type=\"text-editor.default\">\n\t\t\t\t<div class=\"elementor-widget-container\">\n\t\t\t\t\t\t\t\t\t<p>Quantum One is a brand new racing rod with excellent stiffness, pendulum and weight. The rod is 100% compatible with all Triac components such as Swix TBS and TCS. Quantum One is supplied without a strap so that a strap can be selected from the entire TCS program for maximum customization. NB! sold without strap.<\/p><p>Lengths: 135cm-180cm. 2.5cm interval.<\/p>\t\t\t\t\t\t\t\t<\/div>\n\t\t\t\t<\/div>\n\t\t\t\t<\/div>\n\t\t<div class=\"elementor-element elementor-element-94123e6 e-con-full e-flex e-con e-child\" data-id=\"94123e6\" data-element_type=\"container\" data-settings=\"{&quot;jet_parallax_layout_list&quot;:[]}\">\n\t\t\t\t<div class=\"elementor-element elementor-element-2905c95 elementor-widget elementor-widget-heading\" data-id=\"2905c95\" data-element_type=\"widget\" data-widget_type=\"heading.default\">\n\t\t\t\t<div class=\"elementor-widget-container\">\n\t\t\t\t\t<h2 class=\"elementor-heading-title elementor-size-default\">SWIX TRIAC 4.0<\/h2>\t\t\t\t<\/div>\n\t\t\t\t<\/div>\n\t\t\t\t<div class=\"elementor-element elementor-element-c87e751 elementor-widget elementor-widget-image\" data-id=\"c87e751\" data-element_type=\"widget\" data-widget_type=\"image.default\">\n\t\t\t\t<div class=\"elementor-widget-container\">\n\t\t\t\t\t\t\t\t\t\t\t\t\t\t\t<img decoding=\"async\" width=\"1024\" height=\"46\" src=\"https:\/\/bullsuperski.no\/wp-content\/uploads\/2022\/06\/Swix-Triac-4.jpg\" class=\"attachment-1536x1536 size-1536x1536 wp-image-8611\" alt=\"\" srcset=\"https:\/\/bullsuperski.no\/wp-content\/uploads\/2022\/06\/Swix-Triac-4.jpg 1024w, https:\/\/bullsuperski.no\/wp-content\/uploads\/2022\/06\/Swix-Triac-4-300x13.jpg 300w, https:\/\/bullsuperski.no\/wp-content\/uploads\/2022\/06\/Swix-Triac-4-768x35.jpg 768w, https:\/\/bullsuperski.no\/wp-content\/uploads\/2022\/06\/Swix-Triac-4-18x1.jpg 18w, https:\/\/bullsuperski.no\/wp-content\/uploads\/2022\/06\/Swix-Triac-4-600x27.jpg 600w\" sizes=\"(max-width: 1024px) 100vw, 1024px\" \/>\t\t\t\t\t\t\t\t\t\t\t\t\t\t\t<\/div>\n\t\t\t\t<\/div>\n\t\t\t\t<div class=\"elementor-element elementor-element-bc4cfb8 elementor-widget elementor-widget-text-editor\" data-id=\"bc4cfb8\" data-element_type=\"widget\" data-widget_type=\"text-editor.default\">\n\t\t\t\t<div class=\"elementor-widget-container\">\n\t\t\t\t\t\t\t\t\t<p>Swix Triac 4.0 Aero Ipm Carbon Composite is the result of continuous research, tests, analyses, experiments and process improvement. Only performance - and only that - has been in focus. The cross-country poles have a completely new cross-section that provides optimal stiffness and reduced air resistance. Compared to its predecessor, Triac 3.0, the stiffness is improved by more than 15 %. Wind tunnel tests confirm up to 20 % less air resistance in critical areas compared to poles with a cylindrical cross-section. Compatible with the Swix TBS and TCS systems. Ensures maximum performance in all conditions. NB! sold without strap.<\/p><p>Lengths: 135cm-180cm. 2.5cm interval.<\/p>\t\t\t\t\t\t\t\t<\/div>\n\t\t\t\t<\/div>\n\t\t\t\t<\/div>\n\t\t\t\t\t<\/div>\n\t\t\t\t<\/div>\n\t\t<div class=\"elementor-element elementor-element-4ba2a3a e-flex e-con-boxed e-con e-parent\" data-id=\"4ba2a3a\" data-element_type=\"container\" data-settings=\"{&quot;jet_parallax_layout_list&quot;:[]}\">\n\t\t\t\t\t<div class=\"e-con-inner\">\n\t\t\t\t\t<\/div>\n\t\t\t\t<\/div>\n\t\t\t\t<\/div>","protected":false},"excerpt":{"rendered":"<p>Staver SWIX QUANTUM 4 (Veil. 1599,-) Superskipris: 1119,- (Veil. 1599,-) Quantum Four er en helt ny ekstra sterk komposittstav. En utmerket stav for et bredt utvalg av skil\u00f8pere fra den ivrige tur skil\u00f8per til Birkebeinerl\u00f8pere. Leveres med PCU h\u00e5ndtak med korkfylt PU i grepsonen og den nye Profit 3D stroppen. TBS-systemet gj\u00f8r det mulig \u00e5 [&hellip;]<\/p>","protected":false},"author":1,"featured_media":0,"parent":164,"menu_order":0,"comment_status":"closed","ping_status":"closed","template":"elementor_header_footer","meta":{"ocean_post_layout":"","ocean_both_sidebars_style":"","ocean_both_sidebars_content_width":0,"ocean_both_sidebars_sidebars_width":0,"ocean_sidebar":"0","ocean_second_sidebar":"0","ocean_disable_margins":"enable","ocean_add_body_class":"","ocean_shortcode_before_top_bar":"","ocean_shortcode_after_top_bar":"","ocean_shortcode_before_header":"","ocean_shortcode_after_header":"","ocean_has_shortcode":"","ocean_shortcode_after_title":"","ocean_shortcode_before_footer_widgets":"","ocean_shortcode_after_footer_widgets":"","ocean_shortcode_before_footer_bottom":"","ocean_shortcode_after_footer_bottom":"","ocean_display_top_bar":"default","ocean_display_header":"default","ocean_header_style":"","ocean_center_header_left_menu":"0","ocean_custom_header_template":"0","ocean_custom_logo":0,"ocean_custom_retina_logo":0,"ocean_custom_logo_max_width":0,"ocean_custom_logo_tablet_max_width":0,"ocean_custom_logo_mobile_max_width":0,"ocean_custom_logo_max_height":0,"ocean_custom_logo_tablet_max_height":0,"ocean_custom_logo_mobile_max_height":0,"ocean_header_custom_menu":"0","ocean_menu_typo_font_family":"0","ocean_menu_typo_font_subset":"","ocean_menu_typo_font_size":0,"ocean_menu_typo_font_size_tablet":0,"ocean_menu_typo_font_size_mobile":0,"ocean_menu_typo_font_size_unit":"px","ocean_menu_typo_font_weight":"","ocean_menu_typo_font_weight_tablet":"","ocean_menu_typo_font_weight_mobile":"","ocean_menu_typo_transform":"","ocean_menu_typo_transform_tablet":"","ocean_menu_typo_transform_mobile":"","ocean_menu_typo_line_height":0,"ocean_menu_typo_line_height_tablet":0,"ocean_menu_typo_line_height_mobile":0,"ocean_menu_typo_line_height_unit":"","ocean_menu_typo_spacing":0,"ocean_menu_typo_spacing_tablet":0,"ocean_menu_typo_spacing_mobile":0,"ocean_menu_typo_spacing_unit":"","ocean_menu_link_color":"","ocean_menu_link_color_hover":"","ocean_menu_link_color_active":"","ocean_menu_link_background":"","ocean_menu_link_hover_background":"","ocean_menu_link_active_background":"","ocean_menu_social_links_bg":"","ocean_menu_social_hover_links_bg":"","ocean_menu_social_links_color":"","ocean_menu_social_hover_links_color":"","ocean_disable_title":"default","ocean_disable_heading":"default","ocean_post_title":"","ocean_post_subheading":"","ocean_post_title_style":"","ocean_post_title_background_color":"","ocean_post_title_background":0,"ocean_post_title_bg_image_position":"","ocean_post_title_bg_image_attachment":"","ocean_post_title_bg_image_repeat":"","ocean_post_title_bg_image_size":"","ocean_post_title_height":0,"ocean_post_title_bg_overlay":0.5,"ocean_post_title_bg_overlay_color":"","ocean_disable_breadcrumbs":"default","ocean_breadcrumbs_color":"","ocean_breadcrumbs_separator_color":"","ocean_breadcrumbs_links_color":"","ocean_breadcrumbs_links_hover_color":"","ocean_display_footer_widgets":"default","ocean_display_footer_bottom":"default","ocean_custom_footer_template":"0","footnotes":""},"class_list":["post-4693","page","type-page","status-publish","hentry","entry","owp-thumbs-layout-horizontal","owp-btn-big","owp-tabs-layout-section","has-no-thumbnails"],"aioseo_notices":[],"_links":{"self":[{"href":"https:\/\/bullsuperski.no\/en\/wp-json\/wp\/v2\/pages\/4693","targetHints":{"allow":["GET"]}}],"collection":[{"href":"https:\/\/bullsuperski.no\/en\/wp-json\/wp\/v2\/pages"}],"about":[{"href":"https:\/\/bullsuperski.no\/en\/wp-json\/wp\/v2\/types\/page"}],"author":[{"embeddable":true,"href":"https:\/\/bullsuperski.no\/en\/wp-json\/wp\/v2\/users\/1"}],"replies":[{"embeddable":true,"href":"https:\/\/bullsuperski.no\/en\/wp-json\/wp\/v2\/comments?post=4693"}],"version-history":[{"count":0,"href":"https:\/\/bullsuperski.no\/en\/wp-json\/wp\/v2\/pages\/4693\/revisions"}],"up":[{"embeddable":true,"href":"https:\/\/bullsuperski.no\/en\/wp-json\/wp\/v2\/pages\/164"}],"wp:attachment":[{"href":"https:\/\/bullsuperski.no\/en\/wp-json\/wp\/v2\/media?parent=4693"}],"curies":[{"name":"wp","href":"https:\/\/api.w.org\/{rel}","templated":true}]}}