{"id":19202,"date":"2023-02-06T19:03:09","date_gmt":"2023-02-06T18:03:09","guid":{"rendered":"https:\/\/superski.no\/?page_id=19202"},"modified":"2023-02-07T15:13:30","modified_gmt":"2023-02-07T14:13:30","slug":"betingelser","status":"publish","type":"page","link":"https:\/\/bullsuperski.no\/en\/skiskole\/betingelser\/","title":{"rendered":"Conditions Summer Ski School"},"content":{"rendered":"<p><a href=\"https:\/\/bullsuperski.no\/en\/skiskole\/\" title=\"Summer ski school 2023\">Superski Summer Ski Schools 2023<\/a><\/p>\n\n\n\n<h2 class=\"wp-block-heading\">Practical information about registration and conditions for participation in Superski ski schools<\/h2>\n\n\n\n<p><strong>Price:<\/strong><br>The price for participation in Superski&#039;s ski schools is NOK 3149 per participant. Enrollment is done through the separate enrollment page for the ski school in question.<\/p>\n\n\n\n<p><strong>Correct information:<\/strong><br>The person who registers for the participant is responsible for providing the correct information, including the correctly spelled name, address, e-mail, date of birth and telephone number.<\/p>\n\n\n\n<p><strong>Reservation against publication of material from the ski schools<\/strong><br>If for various reasons someone does not want the participant&#039;s name or picture to be published through Superski&#039;s own channels, including its own website and on social media or via Superski&#039;s partners, this must be notified in writing to <a href=\"mailto:skiskoler@superski.no\">skiskoler@superski.no<\/a>.<\/p>\n\n\n\n<p><strong>Unsubscribe<\/strong><br>By unsubscribing until <strong>30 days<\/strong>&nbsp;before the start of ski school, half the amount is refunded. If the cancellation takes place later than 30 days before the start of the ski school, no refund will be given.<\/p>\n\n\n\n<p>On a general basis, it is recommended that everyone has taken out travel and cancellation insurance to ensure reimbursement if illness, injury, etc. should prevent participation.<\/p>\n\n\n\n<p><strong>Other<\/strong><br>Participants in the ski schools must comply with the rules and regulations given by leaders and coaches during the ski school. If any of the participants should not comply with repeated instructions given by Superski&#039;s representatives, or be to blame for serious incidents, we reserve the right to refuse further participation. This is done without refund of participation fee.<\/p>\n\n\n\n<p><strong>Force majeure<\/strong><br>If a force majeure event occurs that prevents the completion of a ski school, the participation fee will not be refunded from Superski.<\/p>","protected":false},"excerpt":{"rendered":"<p>Superski Sommerskiskoler 2023 Praktisk informasjon rundt p\u00e5melding og betingelser for deltagelse p\u00e5 Superski skiskoler Pris:Prisen for deltakelse p\u00e5 Superski sine skiskoler er kr 3149 per deltaker. P\u00e5melding gj\u00f8res gjennom egen p\u00e5meldingsside for den aktuelle skiskolen. Korrekt informasjon:Den som melder p\u00e5 deltager er ansvarlig for \u00e5 oppgi korrekt informasjon, herunder korrekt stavet navn, adresse, e-post, f\u00f8dselsdato [&hellip;]<\/p>","protected":false},"author":1,"featured_media":0,"parent":18596,"menu_order":0,"comment_status":"closed","ping_status":"closed","template":"","meta":{"ocean_post_layout":"","ocean_both_sidebars_style":"","ocean_both_sidebars_content_width":0,"ocean_both_sidebars_sidebars_width":0,"ocean_sidebar":"","ocean_second_sidebar":"","ocean_disable_margins":"enable","ocean_add_body_class":"","ocean_shortcode_before_top_bar":"","ocean_shortcode_after_top_bar":"","ocean_shortcode_before_header":"","ocean_shortcode_after_header":"","ocean_has_shortcode":"","ocean_shortcode_after_title":"","ocean_shortcode_before_footer_widgets":"","ocean_shortcode_after_footer_widgets":"","ocean_shortcode_before_footer_bottom":"","ocean_shortcode_after_footer_bottom":"","ocean_display_top_bar":"default","ocean_display_header":"default","ocean_header_style":"","ocean_center_header_left_menu":"","ocean_custom_header_template":"","ocean_custom_logo":0,"ocean_custom_retina_logo":0,"ocean_custom_logo_max_width":0,"ocean_custom_logo_tablet_max_width":0,"ocean_custom_logo_mobile_max_width":0,"ocean_custom_logo_max_height":0,"ocean_custom_logo_tablet_max_height":0,"ocean_custom_logo_mobile_max_height":0,"ocean_header_custom_menu":"","ocean_menu_typo_font_family":"","ocean_menu_typo_font_subset":"","ocean_menu_typo_font_size":0,"ocean_menu_typo_font_size_tablet":0,"ocean_menu_typo_font_size_mobile":0,"ocean_menu_typo_font_size_unit":"px","ocean_menu_typo_font_weight":"","ocean_menu_typo_font_weight_tablet":"","ocean_menu_typo_font_weight_mobile":"","ocean_menu_typo_transform":"","ocean_menu_typo_transform_tablet":"","ocean_menu_typo_transform_mobile":"","ocean_menu_typo_line_height":0,"ocean_menu_typo_line_height_tablet":0,"ocean_menu_typo_line_height_mobile":0,"ocean_menu_typo_line_height_unit":"","ocean_menu_typo_spacing":0,"ocean_menu_typo_spacing_tablet":0,"ocean_menu_typo_spacing_mobile":0,"ocean_menu_typo_spacing_unit":"","ocean_menu_link_color":"","ocean_menu_link_color_hover":"","ocean_menu_link_color_active":"","ocean_menu_link_background":"","ocean_menu_link_hover_background":"","ocean_menu_link_active_background":"","ocean_menu_social_links_bg":"","ocean_menu_social_hover_links_bg":"","ocean_menu_social_links_color":"","ocean_menu_social_hover_links_color":"","ocean_disable_title":"default","ocean_disable_heading":"default","ocean_post_title":"","ocean_post_subheading":"","ocean_post_title_style":"","ocean_post_title_background_color":"","ocean_post_title_background":0,"ocean_post_title_bg_image_position":"","ocean_post_title_bg_image_attachment":"","ocean_post_title_bg_image_repeat":"","ocean_post_title_bg_image_size":"","ocean_post_title_height":0,"ocean_post_title_bg_overlay":0.5,"ocean_post_title_bg_overlay_color":"","ocean_disable_breadcrumbs":"default","ocean_breadcrumbs_color":"","ocean_breadcrumbs_separator_color":"","ocean_breadcrumbs_links_color":"","ocean_breadcrumbs_links_hover_color":"","ocean_display_footer_widgets":"default","ocean_display_footer_bottom":"default","ocean_custom_footer_template":"","footnotes":""},"class_list":["post-19202","page","type-page","status-publish","hentry","entry","owp-thumbs-layout-horizontal","owp-btn-big","owp-tabs-layout-section","has-no-thumbnails"],"aioseo_notices":[],"_links":{"self":[{"href":"https:\/\/bullsuperski.no\/en\/wp-json\/wp\/v2\/pages\/19202","targetHints":{"allow":["GET"]}}],"collection":[{"href":"https:\/\/bullsuperski.no\/en\/wp-json\/wp\/v2\/pages"}],"about":[{"href":"https:\/\/bullsuperski.no\/en\/wp-json\/wp\/v2\/types\/page"}],"author":[{"embeddable":true,"href":"https:\/\/bullsuperski.no\/en\/wp-json\/wp\/v2\/users\/1"}],"replies":[{"embeddable":true,"href":"https:\/\/bullsuperski.no\/en\/wp-json\/wp\/v2\/comments?post=19202"}],"version-history":[{"count":0,"href":"https:\/\/bullsuperski.no\/en\/wp-json\/wp\/v2\/pages\/19202\/revisions"}],"up":[{"embeddable":true,"href":"https:\/\/bullsuperski.no\/en\/wp-json\/wp\/v2\/pages\/18596"}],"wp:attachment":[{"href":"https:\/\/bullsuperski.no\/en\/wp-json\/wp\/v2\/media?parent=19202"}],"curies":[{"name":"wp","href":"https:\/\/api.w.org\/{rel}","templated":true}]}}